{"id":25096935,"date":"2023-12-01T11:26:01","date_gmt":"2023-12-01T11:26:01","guid":{"rendered":"https:\/\/trescar.sviluppokeyweb.com\/logistica-integrata\/"},"modified":"2026-04-23T10:53:20","modified_gmt":"2026-04-23T10:53:20","slug":"integrated-logistics","status":"publish","type":"page","link":"https:\/\/www.trascar.it\/en\/integrated-logistics\/","title":{"rendered":"Integrated Logistics"},"content":{"rendered":"<p>[et_pb_section fb_built=&#8221;1&#8243; custom_padding_last_edited=&#8221;on|phone&#8221; _builder_version=&#8221;4.23.1&#8243; _module_preset=&#8221;default&#8221; background_enable_color=&#8221;off&#8221; use_background_color_gradient=&#8221;on&#8221; background_color_gradient_stops=&#8221;rgba(51,51,51,0.95) 0%|rgba(226,30,24,0.99) 100%&#8221; background_color_gradient_overlays_image=&#8221;on&#8221; background_image=&#8221;https:\/\/www.trascar.it\/wp-content\/uploads\/2022\/09\/img-01.jpg&#8221; custom_padding=&#8221;80px||60px||false|false&#8221; custom_padding_tablet=&#8221;50px||50px||false|false&#8221; custom_padding_phone=&#8221;30px||30px||false|false&#8221; global_module=&#8221;2128&#8243; saved_tabs=&#8221;all&#8221; locked=&#8221;off&#8221; collapsed=&#8221;off&#8221; global_colors_info=&#8221;{}&#8221;][et_pb_row _builder_version=&#8221;4.17.3&#8243; _module_preset=&#8221;default&#8221; global_colors_info=&#8221;{}&#8221;][et_pb_column type=&#8221;4_4&#8243; _builder_version=&#8221;4.17.3&#8243; _module_preset=&#8221;default&#8221; global_colors_info=&#8221;{}&#8221;][et_pb_text _builder_version=&#8221;4.27.5&#8243; _dynamic_attributes=&#8221;content&#8221; _module_preset=&#8221;default&#8221; text_font=&#8221;Poppins|600||on|||||&#8221; text_text_color=&#8221;#FFFFFF&#8221; text_font_size=&#8221;50px&#8221; text_line_height=&#8221;1.3em&#8221; header_font=&#8221;Poppins|600|||||||&#8221; header_text_align=&#8221;center&#8221; header_text_color=&#8221;#FFFFFF&#8221; header_font_size=&#8221;65px&#8221; header_line_height=&#8221;1.2em&#8221; text_orientation=&#8221;center&#8221; custom_margin=&#8221;||20px||false|false&#8221; text_font_size_tablet=&#8221;35px&#8221; text_font_size_phone=&#8221;25px&#8221; text_font_size_last_edited=&#8221;on|tablet&#8221; header_font_size_tablet=&#8221;65px&#8221; header_font_size_phone=&#8221;40px&#8221; header_font_size_last_edited=&#8221;on|phone&#8221; locked=&#8221;off&#8221; global_colors_info=&#8221;{}&#8221;]@ET-DC@eyJkeW5hbWljIjp0cnVlLCJjb250ZW50IjoicG9zdF90aXRsZSIsInNldHRpbmdzIjp7ImJlZm9yZSI6IiIsImFmdGVyIjoiIiwiZW5hYmxlX2h0bWwiOiJvZmYifX0=@[\/et_pb_text][\/et_pb_column][\/et_pb_row][\/et_pb_section][et_pb_section fb_built=&#8221;1&#8243; _builder_version=&#8221;4.27.4&#8243; _module_preset=&#8221;default&#8221; custom_padding=&#8221;||0px||false|false&#8221; global_module=&#8221;2129&#8243; saved_tabs=&#8221;all&#8221; locked=&#8221;off&#8221; collapsed=&#8221;off&#8221; global_colors_info=&#8221;{}&#8221;][\/et_pb_section][et_pb_section fb_built=&#8221;1&#8243; custom_padding_last_edited=&#8221;on|phone&#8221; _builder_version=&#8221;4.23.1&#8243; _module_preset=&#8221;default&#8221; custom_padding_tablet=&#8221;&#8221; custom_padding_phone=&#8221;0px||||false|false&#8221; global_colors_info=&#8221;{}&#8221;][et_pb_row custom_padding_last_edited=&#8221;on|phone&#8221; _builder_version=&#8221;4.27.2&#8243; _module_preset=&#8221;default&#8221; custom_padding_tablet=&#8221;&#8221; custom_padding_phone=&#8221;0px||||false|false&#8221; locked=&#8221;off&#8221; global_colors_info=&#8221;{}&#8221;][et_pb_column type=&#8221;4_4&#8243; _builder_version=&#8221;4.17.3&#8243; _module_preset=&#8221;default&#8221; global_colors_info=&#8221;{}&#8221;][et_pb_text _builder_version=&#8221;4.27.4&#8243; _module_preset=&#8221;default&#8221; header_font=&#8221;|600|||||||&#8221; header_font_size=&#8221;50px&#8221; header_2_font=&#8221;|600|||||||&#8221; header_2_font_size=&#8221;45px&#8221; header_2_line_height=&#8221;1.2em&#8221; custom_margin=&#8221;||10px||false|false&#8221; header_font_size_tablet=&#8221;50px&#8221; header_font_size_phone=&#8221;30px&#8221; header_font_size_last_edited=&#8221;on|phone&#8221; header_2_font_size_tablet=&#8221;45px&#8221; header_2_font_size_phone=&#8221;25px&#8221; header_2_font_size_last_edited=&#8221;on|phone&#8221; global_colors_info=&#8221;{}&#8221;]<\/p>\n<h1 style=\"text-align: center\">Automazione logistica standard e adattabile<\/h1>\n<p>[\/et_pb_text][\/et_pb_column][\/et_pb_row][et_pb_row column_structure=&#8221;1_2,1_2&#8243; custom_padding_last_edited=&#8221;on|phone&#8221; _builder_version=&#8221;4.27.2&#8243; _module_preset=&#8221;default&#8221; custom_padding_tablet=&#8221;&#8221; custom_padding_phone=&#8221;0px||||false|false&#8221; locked=&#8221;off&#8221; global_colors_info=&#8221;{}&#8221;][et_pb_column type=&#8221;1_2&#8243; _builder_version=&#8221;4.17.3&#8243; _module_preset=&#8221;default&#8221; global_colors_info=&#8221;{}&#8221;][et_pb_text _builder_version=&#8221;4.27.4&#8243; _module_preset=&#8221;default&#8221; text_text_color=&#8221;#999999&#8243; global_colors_info=&#8221;{}&#8221;]<\/p>\n<p class=\"\" data-start=\"291\" data-end=\"607\">Con oltre 50 anni di esperienza, Trascar progetta e realizza <strong data-start=\"1611\" data-end=\"1656\">soluzioni standard di logistica integrata<\/strong>, concepite per adattarsi a layout e processi esistenti. I nostri sistemi coprono movimentazione, magazzini automatici, AGV\/AMR, picking e gestione WMS, garantendo modularit\u00e0, scalabilit\u00e0 e continuit\u00e0 operativa nei settori food, automotive, e\u2011commerce, tessile e GDO.<\/p>\n<p class=\"\" data-start=\"879\" data-end=\"1014\">Ogni progetto \u00e8 pensato per crescere con il tuo business. Con <strong data-start=\"941\" data-end=\"978\">WonderBOT, WonderPick e WonderWay<\/strong>, la logistica diventa intelligente.<\/p>\n<p data-start=\"879\" data-end=\"1014\"><strong>Trascar: Soluzioni di logistica integrata per un flusso efficiente, continuo e automatizzato<\/strong><\/p>\n<p>[\/et_pb_text][dipi_button_grid flex_direction=&#8221;row&#8221; justify_content=&#8221;flex-start&#8221; _builder_version=&#8221;4.23.1&#8243; _module_preset=&#8221;default&#8221; locked=&#8221;off&#8221; global_colors_info=&#8221;{}&#8221;][dipi_button_grid_child button_id=&#8221;CONTATTACI&#8221; button_text=&#8221;CONTACT US&#8221; button_link=&#8221;@ET-DC@eyJkeW5hbWljIjp0cnVlLCJjb250ZW50IjoicG9zdF9saW5rX3VybF9wYWdlIiwic2V0dGluZ3MiOnsicG9zdF9pZCI6IjM4MyIsImVuYWJsZV9odG1sIjoib2ZmIn19@&#8221; _builder_version=&#8221;4.23.1&#8243; _dynamic_attributes=&#8221;button_link&#8221; _module_preset=&#8221;default&#8221; custom_button=&#8221;on&#8221; button_text_size=&#8221;15px&#8221; button_text_color=&#8221;#FFFFFF&#8221; button_bg_color=&#8221;gcid-558b8f77-30dd-4718-9d6b-1f73f20eefa5&#8243; button_border_width=&#8221;0px&#8221; button_border_radius=&#8221;0px&#8221; button_use_icon=&#8221;off&#8221; button_custom_padding=&#8221;20px|35px|20px|35px|true|true&#8221; button_custom_padding_tablet=&#8221;20px|35px|20px|35px|true|true&#8221; button_custom_padding_phone=&#8221;15px|25px|15px|25px|true|true&#8221; button_custom_padding_last_edited=&#8221;on|phone&#8221; button_text_size_tablet=&#8221;15px&#8221; button_text_size_phone=&#8221;13px&#8221; button_text_size_last_edited=&#8221;on|phone&#8221; global_colors_info=&#8221;{%22gcid-558b8f77-30dd-4718-9d6b-1f73f20eefa5%22:%91%22button_bg_color%22,%22button_border_color__hover%22,%22button_text_color__hover%22%93,%22gcid-b0b5b6a7-eca5-4e18-b93c-b3af449a7f5e%22:%91%22button_bg_color__hover%22%93}&#8221; button_bg_color__hover_enabled=&#8221;on|hover&#8221; button_bg_color__hover=&#8221;#f2f2f2&#8243; button_bg_enable_color__hover=&#8221;on&#8221; button_border_color__hover_enabled=&#8221;on|hover&#8221; button_border_color__hover=&#8221;#e21e18&#8243; button_border_width__hover_enabled=&#8221;on|desktop&#8221; button_border_width__hover=&#8221;1px&#8221; button_text_color__hover_enabled=&#8221;on|hover&#8221; button_text_color__hover=&#8221;#e21e18&#8243;][\/dipi_button_grid_child][\/dipi_button_grid][\/et_pb_column][et_pb_column type=&#8221;1_2&#8243; _builder_version=&#8221;4.17.3&#8243; _module_preset=&#8221;default&#8221; global_colors_info=&#8221;{}&#8221;][et_pb_image src=&#8221;https:\/\/www.trascar.it\/wp-content\/uploads\/2026\/04\/Ingegneria-di-vendita.jpg&#8221; alt=&#8221;Wonderpick Perfect Goods to person&#8221; title_text=&#8221;Ingegneria di vendita&#8221; align=&#8221;center&#8221; admin_label=&#8221;Immagine&#8221; _builder_version=&#8221;4.27.5&#8243; _module_preset=&#8221;default&#8221; width=&#8221;77%&#8221; max_width=&#8221;76%&#8221; global_colors_info=&#8221;{}&#8221;][\/et_pb_image][\/et_pb_column][\/et_pb_row][\/et_pb_section][et_pb_section fb_built=&#8221;1&#8243; _builder_version=&#8221;4.27.5&#8243; _module_preset=&#8221;default&#8221; background_color=&#8221;#efefef&#8221; global_colors_info=&#8221;{}&#8221;][et_pb_row column_structure=&#8221;1_2,1_2&#8243; _builder_version=&#8221;4.27.4&#8243; _module_preset=&#8221;default&#8221; global_colors_info=&#8221;{}&#8221;][et_pb_column type=&#8221;1_2&#8243; _builder_version=&#8221;4.27.4&#8243; _module_preset=&#8221;default&#8221; global_colors_info=&#8221;{}&#8221;][et_pb_image src=&#8221;https:\/\/www.trascar.it\/wp-content\/uploads\/2025\/04\/PENGO_RIORDINATORE.jpg&#8221; alt=&#8221;WonderBOX stoccaggio sorter pick Trascar&#8221; title_text=&#8221;PENGO_RIORDINATORE&#8221; _builder_version=&#8221;4.27.4&#8243; _module_preset=&#8221;default&#8221; width=&#8221;78%&#8221; global_colors_info=&#8221;{}&#8221;][\/et_pb_image][\/et_pb_column][et_pb_column type=&#8221;1_2&#8243; _builder_version=&#8221;4.27.4&#8243; _module_preset=&#8221;default&#8221; global_colors_info=&#8221;{}&#8221;][et_pb_text _builder_version=&#8221;4.27.4&#8243; _module_preset=&#8221;default&#8221; global_colors_info=&#8221;{}&#8221;]<\/p>\n<p>Con l\u2019evoluzione dei paradigmi produttivi legati all\u2019Industria 4.0 e 5.0, Trascar ha investito nella progettazione di s<strong>oluzioni standard di automazione logistica<\/strong>, intelligenti, scalabili ed efficienti. I nostri sistemi si integrano perfettamente nei moderni ambienti di fabbrica e <strong>magazzino<\/strong>, anticipando le sfide operative e ambientali della <strong>logistica<\/strong> del futuro.<\/p>\n<p>&nbsp;<\/p>\n<h2><strong>Perch\u00e9 scegliere Trascar?<\/strong><\/h2>\n<ul>\n<li>Oltre <strong>50 anni di esperienza<\/strong> nell\u2019automazione logistica industriale<\/li>\n<li>Impianti completamente progettati e <strong>realizzati internamente<\/strong><\/li>\n<li><strong>Soluzioni standard modulari, adattabili<\/strong> a diverse esigenze impiantistiche<\/li>\n<li>Presenza internazionale con referenze nei principali settori produttivi<\/li>\n<li>Certificazioni ISO e attenzione continua a <strong>sostenibilit\u00e0 e sicurezza<\/strong><\/li>\n<\/ul>\n<p>[\/et_pb_text][\/et_pb_column][\/et_pb_row][\/et_pb_section][et_pb_section fb_built=&#8221;1&#8243; custom_padding_last_edited=&#8221;on|phone&#8221; _builder_version=&#8221;4.23.1&#8243; _module_preset=&#8221;default&#8221; background_color=&#8221;#FAFAFA&#8221; custom_margin_tablet=&#8221;150px||||false|false&#8221; custom_margin_phone=&#8221;150px||||false|false&#8221; custom_margin_last_edited=&#8221;on|tablet&#8221; custom_padding=&#8221;80px||200px||false|false&#8221; custom_padding_tablet=&#8221;0px||100px||false|false&#8221; custom_padding_phone=&#8221;0px||||false|false&#8221; global_colors_info=&#8221;{}&#8221;][et_pb_row column_structure=&#8221;1_2,1_2&#8243; custom_padding_last_edited=&#8221;on|phone&#8221; _builder_version=&#8221;4.27.2&#8243; _module_preset=&#8221;default&#8221; custom_padding_tablet=&#8221;&#8221; custom_padding_phone=&#8221;0px||||false|false&#8221; locked=&#8221;off&#8221; global_colors_info=&#8221;{}&#8221;][et_pb_column type=&#8221;1_2&#8243; _builder_version=&#8221;4.17.3&#8243; _module_preset=&#8221;default&#8221; global_colors_info=&#8221;{}&#8221;][et_pb_text _builder_version=&#8221;4.27.4&#8243; _module_preset=&#8221;default&#8221; text_text_color=&#8221;#999999&#8243; global_colors_info=&#8221;{}&#8221;]<\/p>\n<h3 class=\"\" data-start=\"527\" data-end=\"592\"><strong data-start=\"534\" data-end=\"590\">Logistica automatizzata per ogni settore industriale<\/strong><\/h3>\n<p class=\"\" data-start=\"593\" data-end=\"865\">Dall\u2019automotive al food &amp; beverage, dal tessile alla grande distribuzione: i sistemi Trascar rispondono alle esigenze specifiche di ogni settore. L\u2019esperienza maturata in contesti complessi ci consente di progettare soluzioni robuste, personalizzate e ad alte prestazioni.<\/p>\n<p data-start=\"593\" data-end=\"865\">Il nostro <strong data-start=\"1278\" data-end=\"1308\">WMS WonderWay<\/strong> centralizza la gestione di tutte le attivit\u00e0 logistiche: dallo stoccaggio alla spedizione. Interfacciabile con i principali ERP, consente di ottimizzare gli spazi, monitorare i flussi in tempo reale e aumentare la reattivit\u00e0 in ogni fase operativa.<\/p>\n<p data-start=\"593\" data-end=\"865\">Le soluzioni <strong data-start=\"276\" data-end=\"290\">WonderPick<\/strong> di Trascar portano l\u2019automazione nei magazzini del settore <strong data-start=\"350\" data-end=\"396\">fashion, luxury ed e-commerce<\/strong>, garantendo un prelievo rapido, preciso e personalizzato. Il sistema <strong data-start=\"466\" data-end=\"485\">Goods-to-Person<\/strong> riduce i tempi di picking, minimizza gli errori e aumenta la produttivit\u00e0 anche nei momenti di picco. Grazie a tecnologie modulari e intelligenti, WonderPick si adatta perfettamente alla gestione di SKU ad alta rotazione, ordini frammentati e resi frequenti, offrendo una <strong data-start=\"758\" data-end=\"793\">customer experience impeccabile<\/strong> e un flusso logistico completamente ottimizzato.<\/p>\n<p>[\/et_pb_text][dipi_button_grid flex_direction=&#8221;row&#8221; justify_content=&#8221;flex-start&#8221; _builder_version=&#8221;4.23.1&#8243; _module_preset=&#8221;default&#8221; locked=&#8221;off&#8221; global_colors_info=&#8221;{}&#8221;][dipi_button_grid_child button_id=&#8221;CONTATTACI&#8221; button_text=&#8221;CONTACT US&#8221; button_link=&#8221;@ET-DC@eyJkeW5hbWljIjp0cnVlLCJjb250ZW50IjoicG9zdF9saW5rX3VybF9wYWdlIiwic2V0dGluZ3MiOnsicG9zdF9pZCI6IjM4MyIsImVuYWJsZV9odG1sIjoib2ZmIn19@&#8221; _builder_version=&#8221;4.23.1&#8243; _dynamic_attributes=&#8221;button_link&#8221; _module_preset=&#8221;default&#8221; custom_button=&#8221;on&#8221; button_text_size=&#8221;15px&#8221; button_text_color=&#8221;#FFFFFF&#8221; button_bg_color=&#8221;gcid-558b8f77-30dd-4718-9d6b-1f73f20eefa5&#8243; button_border_width=&#8221;0px&#8221; button_border_radius=&#8221;0px&#8221; button_use_icon=&#8221;off&#8221; button_custom_padding=&#8221;20px|35px|20px|35px|true|true&#8221; button_custom_padding_tablet=&#8221;20px|35px|20px|35px|true|true&#8221; button_custom_padding_phone=&#8221;15px|25px|15px|25px|true|true&#8221; button_custom_padding_last_edited=&#8221;on|phone&#8221; button_text_size_tablet=&#8221;15px&#8221; button_text_size_phone=&#8221;13px&#8221; button_text_size_last_edited=&#8221;on|phone&#8221; global_colors_info=&#8221;{%22gcid-558b8f77-30dd-4718-9d6b-1f73f20eefa5%22:%91%22button_bg_color%22,%22button_border_color__hover%22,%22button_text_color__hover%22%93,%22gcid-b0b5b6a7-eca5-4e18-b93c-b3af449a7f5e%22:%91%22button_bg_color__hover%22%93}&#8221; button_bg_color__hover_enabled=&#8221;on|hover&#8221; button_bg_color__hover=&#8221;#f2f2f2&#8243; button_bg_enable_color__hover=&#8221;on&#8221; button_border_color__hover_enabled=&#8221;on|hover&#8221; button_border_color__hover=&#8221;#e21e18&#8243; button_border_width__hover_enabled=&#8221;on|desktop&#8221; button_border_width__hover=&#8221;1px&#8221; button_text_color__hover_enabled=&#8221;on|hover&#8221; button_text_color__hover=&#8221;#e21e18&#8243;][\/dipi_button_grid_child][\/dipi_button_grid][\/et_pb_column][et_pb_column type=&#8221;1_2&#8243; _builder_version=&#8221;4.17.3&#8243; _module_preset=&#8221;default&#8221; global_colors_info=&#8221;{}&#8221;][et_pb_image src=&#8221;https:\/\/www.trascar.it\/wp-content\/uploads\/2026\/03\/Screenshot-2026-03-09-160752-1.png&#8221; alt=&#8221;Wonderbox Riordinatore Pengo Magazzini automatici&#8221; title_text=&#8221;Screenshot 2026-03-09 160752&#8243; align=&#8221;center&#8221; admin_label=&#8221;Immagine&#8221; _builder_version=&#8221;4.27.5&#8243; _module_preset=&#8221;default&#8221; width=&#8221;77%&#8221; max_width=&#8221;76%&#8221; global_colors_info=&#8221;{}&#8221;][\/et_pb_image][\/et_pb_column][\/et_pb_row][\/et_pb_section][et_pb_section fb_built=&#8221;1&#8243; theme_builder_area=&#8221;post_content&#8221; _builder_version=&#8221;4.27.5&#8243; _module_preset=&#8221;default&#8221;][et_pb_row _builder_version=&#8221;4.27.5&#8243; _module_preset=&#8221;default&#8221; theme_builder_area=&#8221;post_content&#8221;][et_pb_column _builder_version=&#8221;4.27.5&#8243; _module_preset=&#8221;default&#8221; type=&#8221;4_4&#8243; theme_builder_area=&#8221;post_content&#8221;][et_pb_text _builder_version=&#8221;4.27.5&#8243; _module_preset=&#8221;default&#8221; theme_builder_area=&#8221;post_content&#8221; hover_enabled=&#8221;0&#8243; sticky_enabled=&#8221;0&#8243;]<\/p>\n<h3 style=\"text-align: center\"><strong>Gli ultimi articoli<\/strong><\/h3>\n<p>[\/et_pb_text][et_pb_blog _builder_version=&#8221;4.27.5&#8243; _module_preset=&#8221;default&#8221; theme_builder_area=&#8221;post_content&#8221; posts_number=&#8221;3&#8243; include_categories=&#8221;317,315&#8243; excerpt_length=&#8221;330&#8243; show_author=&#8221;off&#8221; show_date=&#8221;off&#8221; show_categories=&#8221;off&#8221; fullwidth=&#8221;off&#8221; hover_enabled=&#8221;0&#8243; sticky_enabled=&#8221;0&#8243;][\/et_pb_blog][\/et_pb_column][\/et_pb_row][\/et_pb_section]<\/p>\n","protected":false},"excerpt":{"rendered":"<p>Automazione logistica standard e adattabileCon oltre 50 anni di esperienza, Trascar progetta e realizza soluzioni standard di logistica integrata, concepite per adattarsi a layout e processi esistenti. I nostri sistemi coprono movimentazione, magazzini automatici, AGV\/AMR, picking e gestione WMS, garantendo modularit\u00e0, scalabilit\u00e0 e continuit\u00e0 operativa nei settori food, automotive, e\u2011commerce, tessile e GDO. Ogni progetto [&hellip;]<\/p>\n","protected":false},"author":2,"featured_media":25099844,"parent":0,"menu_order":0,"comment_status":"closed","ping_status":"closed","template":"","meta":{"_et_pb_use_builder":"on","_et_pb_old_content":"<!-- wp:divi\/placeholder \/-->","_et_gb_content_width":"","content-type":"","footnotes":""},"dipi_cpt_category":[],"class_list":["post-25096935","page","type-page","status-publish","has-post-thumbnail","hentry"],"_links":{"self":[{"href":"https:\/\/www.trascar.it\/en\/wp-json\/wp\/v2\/pages\/25096935","targetHints":{"allow":["GET"]}}],"collection":[{"href":"https:\/\/www.trascar.it\/en\/wp-json\/wp\/v2\/pages"}],"about":[{"href":"https:\/\/www.trascar.it\/en\/wp-json\/wp\/v2\/types\/page"}],"author":[{"embeddable":true,"href":"https:\/\/www.trascar.it\/en\/wp-json\/wp\/v2\/users\/2"}],"replies":[{"embeddable":true,"href":"https:\/\/www.trascar.it\/en\/wp-json\/wp\/v2\/comments?post=25096935"}],"version-history":[{"count":118,"href":"https:\/\/www.trascar.it\/en\/wp-json\/wp\/v2\/pages\/25096935\/revisions"}],"predecessor-version":[{"id":25109792,"href":"https:\/\/www.trascar.it\/en\/wp-json\/wp\/v2\/pages\/25096935\/revisions\/25109792"}],"wp:featuredmedia":[{"embeddable":true,"href":"https:\/\/www.trascar.it\/en\/wp-json\/wp\/v2\/media\/25099844"}],"wp:attachment":[{"href":"https:\/\/www.trascar.it\/en\/wp-json\/wp\/v2\/media?parent=25096935"}],"wp:term":[{"taxonomy":"dipi_cpt_category","embeddable":true,"href":"https:\/\/www.trascar.it\/en\/wp-json\/wp\/v2\/dipi_cpt_category?post=25096935"}],"curies":[{"name":"wp","href":"https:\/\/api.w.org\/{rel}","templated":true}]}}